{"id":140,"date":"2017-11-08T10:08:39","date_gmt":"2017-11-08T10:08:39","guid":{"rendered":"http:\/\/elskaisland.is\/?page_id=140"},"modified":"2017-11-08T10:08:39","modified_gmt":"2017-11-08T10:08:39","slug":"hafdu-samband","status":"publish","type":"page","link":"https:\/\/elskaisland.is\/index.php\/hafdu-samband\/","title":{"rendered":"Haf\u00f0u samband"},"content":{"rendered":"<div class=\"wpforms-container wpforms-container-full\" id=\"wpforms-137\"><form id=\"wpforms-form-137\" class=\"wpforms-validate wpforms-form\" data-formid=\"137\" method=\"post\" enctype=\"multipart\/form-data\" action=\"\/index.php\/wp-json\/wp\/v2\/pages\/140\" data-token=\"55ce46c6f06ad538d1a2570a56a273a4\" data-token-time=\"1775891305\"><noscript class=\"wpforms-error-noscript\">Please enable JavaScript in your browser to complete this form.<\/noscript><div class=\"wpforms-field-container\"><div id=\"wpforms-137-field_3-container\" class=\"wpforms-field wpforms-field-text\" data-field-id=\"3\"><label class=\"wpforms-field-label\" for=\"wpforms-137-field_3\">Nafn sendanda <span class=\"wpforms-required-label\">*<\/span><\/label><input type=\"text\" id=\"wpforms-137-field_3\" class=\"wpforms-field-medium wpforms-field-required\" name=\"wpforms[fields][3]\" required><\/div><div id=\"wpforms-137-field_6-container\" class=\"wpforms-field wpforms-field-number\" data-field-id=\"6\"><label class=\"wpforms-field-label\" for=\"wpforms-137-field_6\">S\u00edman\u00famer svo vi\u00f0 getum haft samband vi\u00f0 \u00feig<\/label><input type=\"number\" id=\"wpforms-137-field_6\" class=\"wpforms-field-medium\" name=\"wpforms[fields][6]\" ><\/div><div id=\"wpforms-137-field_1-container\" class=\"wpforms-field wpforms-field-email\" data-field-id=\"1\"><label class=\"wpforms-field-label\" for=\"wpforms-137-field_1\">Netfang <span class=\"wpforms-required-label\">*<\/span><\/label><input type=\"email\" id=\"wpforms-137-field_1\" class=\"wpforms-field-medium wpforms-field-required\" name=\"wpforms[fields][1]\" spellcheck=\"false\" required><\/div><div id=\"wpforms-137-field_5-container\" class=\"wpforms-field wpforms-field-text\" data-field-id=\"5\"><label class=\"wpforms-field-label\" for=\"wpforms-137-field_5\">Fyrirs\u00f6gn skilabo\u00f0a \/ erindi<\/label><input type=\"text\" id=\"wpforms-137-field_5\" class=\"wpforms-field-medium\" name=\"wpforms[fields][5]\" ><\/div><div id=\"wpforms-137-field_2-container\" class=\"wpforms-field wpforms-field-textarea\" data-field-id=\"2\"><label class=\"wpforms-field-label\" for=\"wpforms-137-field_2\">Rita\u00f0u skilabo\u00f0in til okkkar h\u00e9r <span class=\"wpforms-required-label\">*<\/span><\/label><textarea id=\"wpforms-137-field_2\" class=\"wpforms-field-medium wpforms-field-required\" name=\"wpforms[fields][2]\" required><\/textarea><\/div><\/div><!-- .wpforms-field-container --><div class=\"wpforms-field wpforms-field-hp\"><label for=\"wpforms-137-field-hp\" class=\"wpforms-field-label\">Phone<\/label><input type=\"text\" name=\"wpforms[hp]\" id=\"wpforms-137-field-hp\" class=\"wpforms-field-medium\"><\/div><div class=\"wpforms-submit-container\" ><input type=\"hidden\" name=\"wpforms[id]\" value=\"137\"><input type=\"hidden\" name=\"page_title\" value=\"\"><input type=\"hidden\" name=\"page_url\" value=\"https:\/\/elskaisland.is\/index.php\/wp-json\/wp\/v2\/pages\/140\"><button type=\"submit\" name=\"wpforms[submit]\" id=\"wpforms-submit-137\" class=\"wpforms-submit\" data-alt-text=\"Sendi...skilabo\u00f0in eru \u00e1 lei\u00f0inni til okkar :)\" data-submit-text=\"Senda skilabo\u00f0in\" aria-live=\"assertive\" value=\"wpforms-submit\">Senda skilabo\u00f0in<\/button><\/div><\/form><\/div>  <!-- .wpforms-container -->\n","protected":false},"excerpt":{"rendered":"","protected":false},"author":1,"featured_media":0,"parent":0,"menu_order":0,"comment_status":"closed","ping_status":"closed","template":"","meta":{"ngg_post_thumbnail":0,"footnotes":""},"class_list":["post-140","page","type-page","status-publish","hentry"],"_links":{"self":[{"href":"https:\/\/elskaisland.is\/index.php\/wp-json\/wp\/v2\/pages\/140","targetHints":{"allow":["GET"]}}],"collection":[{"href":"https:\/\/elskaisland.is\/index.php\/wp-json\/wp\/v2\/pages"}],"about":[{"href":"https:\/\/elskaisland.is\/index.php\/wp-json\/wp\/v2\/types\/page"}],"author":[{"embeddable":true,"href":"https:\/\/elskaisland.is\/index.php\/wp-json\/wp\/v2\/users\/1"}],"replies":[{"embeddable":true,"href":"https:\/\/elskaisland.is\/index.php\/wp-json\/wp\/v2\/comments?post=140"}],"version-history":[{"count":1,"href":"https:\/\/elskaisland.is\/index.php\/wp-json\/wp\/v2\/pages\/140\/revisions"}],"predecessor-version":[{"id":143,"href":"https:\/\/elskaisland.is\/index.php\/wp-json\/wp\/v2\/pages\/140\/revisions\/143"}],"wp:attachment":[{"href":"https:\/\/elskaisland.is\/index.php\/wp-json\/wp\/v2\/media?parent=140"}],"curies":[{"name":"wp","href":"https:\/\/api.w.org\/{rel}","templated":true}]}}