{"id":7,"date":"2017-11-01T09:44:53","date_gmt":"2017-11-01T09:44:53","guid":{"rendered":"http:\/\/elskaisland.is\/?page_id=7"},"modified":"2018-07-18T11:12:18","modified_gmt":"2018-07-18T11:12:18","slug":"home","status":"publish","type":"page","link":"https:\/\/elskaisland.is\/","title":{"rendered":"Heim"},"content":{"rendered":"<p>Velkomin \u00e1 heimas\u00ed\u00f0una okkar.<br \/>\nS\u00ed\u00f0an er alltaf \u00ed sm\u00ed\u00f0um og mun af og til uppf\u00e6rast<\/p>\n","protected":false},"excerpt":{"rendered":"<p>Velkomin \u00e1 heimas\u00ed\u00f0una okkar. S\u00ed\u00f0an er alltaf \u00ed sm\u00ed\u00f0um og mun af og til uppf\u00e6rast<\/p>\n","protected":false},"author":1,"featured_media":79,"parent":0,"menu_order":0,"comment_status":"closed","ping_status":"closed","template":"","meta":{"ngg_post_thumbnail":0,"footnotes":""},"class_list":["post-7","page","type-page","status-publish","has-post-thumbnail","hentry"],"_links":{"self":[{"href":"https:\/\/elskaisland.is\/index.php\/wp-json\/wp\/v2\/pages\/7","targetHints":{"allow":["GET"]}}],"collection":[{"href":"https:\/\/elskaisland.is\/index.php\/wp-json\/wp\/v2\/pages"}],"about":[{"href":"https:\/\/elskaisland.is\/index.php\/wp-json\/wp\/v2\/types\/page"}],"author":[{"embeddable":true,"href":"https:\/\/elskaisland.is\/index.php\/wp-json\/wp\/v2\/users\/1"}],"replies":[{"embeddable":true,"href":"https:\/\/elskaisland.is\/index.php\/wp-json\/wp\/v2\/comments?post=7"}],"version-history":[{"count":8,"href":"https:\/\/elskaisland.is\/index.php\/wp-json\/wp\/v2\/pages\/7\/revisions"}],"predecessor-version":[{"id":183,"href":"https:\/\/elskaisland.is\/index.php\/wp-json\/wp\/v2\/pages\/7\/revisions\/183"}],"wp:featuredmedia":[{"embeddable":true,"href":"https:\/\/elskaisland.is\/index.php\/wp-json\/wp\/v2\/media\/79"}],"wp:attachment":[{"href":"https:\/\/elskaisland.is\/index.php\/wp-json\/wp\/v2\/media?parent=7"}],"curies":[{"name":"wp","href":"https:\/\/api.w.org\/{rel}","templated":true}]}}