{"id":8,"date":"2017-11-01T09:44:54","date_gmt":"2017-11-01T09:44:54","guid":{"rendered":"http:\/\/elskaisland.is\/?page_id=8"},"modified":"2017-11-04T18:29:17","modified_gmt":"2017-11-04T18:29:17","slug":"about","status":"publish","type":"page","link":"https:\/\/elskaisland.is\/index.php\/about\/","title":{"rendered":"Um okkur"},"content":{"rendered":"<p>Vi\u00f0 erum bara nokku\u00f0 venjulegir \u00cdslendingar me\u00f0 \u00e1huga \u00e1 landi og \u00fej\u00f3\u00f0.<\/p>\n","protected":false},"excerpt":{"rendered":"<p>Vi\u00f0 erum bara nokku\u00f0 venjulegir \u00cdslendingar me\u00f0 \u00e1huga \u00e1 landi og \u00fej\u00f3\u00f0.<\/p>\n","protected":false},"author":1,"featured_media":87,"parent":0,"menu_order":0,"comment_status":"closed","ping_status":"closed","template":"","meta":{"ngg_post_thumbnail":0,"footnotes":""},"class_list":["post-8","page","type-page","status-publish","has-post-thumbnail","hentry"],"_links":{"self":[{"href":"https:\/\/elskaisland.is\/index.php\/wp-json\/wp\/v2\/pages\/8","targetHints":{"allow":["GET"]}}],"collection":[{"href":"https:\/\/elskaisland.is\/index.php\/wp-json\/wp\/v2\/pages"}],"about":[{"href":"https:\/\/elskaisland.is\/index.php\/wp-json\/wp\/v2\/types\/page"}],"author":[{"embeddable":true,"href":"https:\/\/elskaisland.is\/index.php\/wp-json\/wp\/v2\/users\/1"}],"replies":[{"embeddable":true,"href":"https:\/\/elskaisland.is\/index.php\/wp-json\/wp\/v2\/comments?post=8"}],"version-history":[{"count":2,"href":"https:\/\/elskaisland.is\/index.php\/wp-json\/wp\/v2\/pages\/8\/revisions"}],"predecessor-version":[{"id":57,"href":"https:\/\/elskaisland.is\/index.php\/wp-json\/wp\/v2\/pages\/8\/revisions\/57"}],"wp:featuredmedia":[{"embeddable":true,"href":"https:\/\/elskaisland.is\/index.php\/wp-json\/wp\/v2\/media\/87"}],"wp:attachment":[{"href":"https:\/\/elskaisland.is\/index.php\/wp-json\/wp\/v2\/media?parent=8"}],"curies":[{"name":"wp","href":"https:\/\/api.w.org\/{rel}","templated":true}]}}