{"id":88,"date":"2017-11-04T19:01:05","date_gmt":"2017-11-04T19:01:05","guid":{"rendered":"http:\/\/elskaisland.is\/?page_id=88"},"modified":"2018-07-18T08:29:18","modified_gmt":"2018-07-18T08:29:18","slug":"tenglar","status":"publish","type":"page","link":"https:\/\/elskaisland.is\/index.php\/tenglar\/","title":{"rendered":"Tenglar"},"content":{"rendered":"<p><strong>Vefmyndav\u00e9lar M\u00edla<\/strong><br \/>\n<a href=\"http:\/\/www.livefromiceland.is\/webcams\/reykjavikurtjorn\/\" target=\"_blank\" rel=\"noopener\">Reykjav\u00edkurtj\u00f6rn<\/a><br \/>\n<a href=\"http:\/\/www.livefromiceland.is\/webcams\/reykjavik\/\" target=\"_blank\" rel=\"noopener\"><u>Reykjav\u00edk<\/u>\u00a0<\/a><br \/>\n<a href=\"http:\/\/www.livefromiceland.is\/webcams\/thingvellir\/\" target=\"_blank\" rel=\"noopener\"><u>\u00deingvellir<\/u>\u00a0<\/a><br \/>\n<a href=\"http:\/\/www.livefromiceland.is\/webcams\/gullfoss\/\" target=\"_blank\" rel=\"noopener\"><u>Gullfoss<\/u>\u00a0<\/a><br \/>\n<a href=\"http:\/\/www.livefromiceland.is\/webcams\/hekla\/\" target=\"_blank\" rel=\"noopener\"><u>Hekla<\/u>\u00a0<\/a><br \/>\n<a href=\"http:\/\/www.livefromiceland.is\/webcams\/jokulsarlon\/\" target=\"_blank\" rel=\"noopener\"><u>J\u00f6kuls\u00e1rl\u00f3n<\/u>\u00a0<\/a><br \/>\n<a href=\"http:\/\/eldgos.mila.is\/english\/akureyri\/\" target=\"_blank\" rel=\"noopener\"><u>Akureyri<\/u><\/a><\/p>\n<p><strong>Fleiri vefmyndav\u00e9lar \u00cdslandi<br \/>\n<\/strong><\/p>\n<p><a href=\"http:\/\/www.webcams.travel\/webcam\/1414396133-Weather-Reykjav%C3%ADk-Iceland-Reykjav%C3%ADk\">Reykjav\u00edkurh\u00f6fn<\/a><br \/>\n<a href=\"http:\/\/www.earthcam.com\/cams\/iceland\/reykjavik\/?cam=imagine\" target=\"_blank\" rel=\"noopener\">Reykjavik fri\u00f0ars\u00falan<\/a><br \/>\n<a href=\"http:\/\/mountesja.org\/\">Esja<\/a><br \/>\n<a href=\"http:\/\/www.hvalfjardarsveit.is\/sites\/default\/files\/vefmyndavel\/hvalfjordur.jpg\" target=\"_blank\" rel=\"noopener\">Hvalfjar\u00f0arsveit<\/a><br \/>\n<a href=\"http:\/\/www.hvammshlid.is\/vedur\/page22\/page22.html\">Skorradalur<\/a><br \/>\n<a href=\"http:\/\/husafell.vesturland.is\/\" target=\"_blank\" rel=\"noopener\"><u>H\u00fasafell<\/u><\/a><br \/>\n<a href=\"http:\/\/www.grundarfjordur.is\/default.asp?sid_id=60611&amp;tId=99\" target=\"_blank\" rel=\"noopener\">Grundarfj\u00f6r\u00f0ur<\/a><br \/>\n<u>Stykkish\u00f3lmur<\/u><br \/>\n<a href=\"http:\/\/www.budardalur.is\/vefmyndavel\"><u>B\u00fa\u00f0ardalur\u00a0<\/u><\/a><br \/>\n<a href=\"http:\/\/www.webcams.travel\/webcam\/1390929161-Weather-patreksjfordur-Patreksfjordur\"><u>Patreksfj\u00f6r\u00f0ur<\/u>\u00a0<\/a><br \/>\n<a href=\"https:\/\/www.snerpa.is\/allt_hitt\/vefmyndavelar\/Dyrafjordur_-_Hofdi\/\" target=\"_blank\" rel=\"noopener\">D\u00fdrafj\u00f6r\u00f0ur<\/a><br \/>\n<a href=\"https:\/\/www.snerpa.is\/allt_hitt\/vefmyndavelar\/Flateyri\/\" target=\"_blank\" rel=\"noopener\">Flateyri<\/a><br \/>\n<a href=\"http:\/\/www.fjardabyggd.is\/hafnir\/thjonustan\/vefmyndavelar\" target=\"_blank\" rel=\"noopener\">Fjar\u00f0arbygg\u00f0<\/a><br \/>\n<a href=\"https:\/\/www.snerpa.is\/allt_hitt\/vefmyndavelar\/Isafjordur_-_Pollurinn\/\" target=\"_blank\" rel=\"noopener\"><u>\u00cdsafj\u00f6r\u00f0ur<\/u><\/a><br \/>\n<a href=\"https:\/\/www.snerpa.is\/allt_hitt\/vefmyndavelar\/Isafjordur_-_Menntaskolinn\/\" target=\"_blank\" rel=\"noopener\">\u00cdsafj\u00f6r\u00f0ur Menntask\u00f3linn<\/a><br \/>\n<a href=\"https:\/\/www.snerpa.is\/allt_hitt\/vefmyndavelar\/Isafjordur_-_Pollurinn\/\" target=\"_blank\" rel=\"noopener\">\u00cdsafj\u00f6r\u00f0ur Pollurinn<\/a><br \/>\n<a href=\"https:\/\/www.snerpa.is\/allt_hitt\/vefmyndavelar\/Isafjordur_-_Mjosund\/\" target=\"_blank\" rel=\"noopener\">\u00cdsafj\u00f6r\u00f0ur Mj\u00f3sund 1<\/a><a href=\"https:\/\/www.snerpa.is\/allt_hitt\/vefmyndavelar\/Isafjordur_-_Mjosund_2\/\" target=\"_blank\" rel=\"noopener\">\u2026 2<\/a><br \/>\n<a href=\"https:\/\/www.snerpa.is\/allt_hitt\/vefmyndavelar\/Graenigardur_-_Austur\/\" target=\"_blank\" rel=\"noopener\">\u00cdsafj\u00f6r\u00f0ur Gr\u00e6nigar\u00f0ur Austur<\/a><a href=\"https:\/\/www.snerpa.is\/allt_hitt\/vefmyndavelar\/Graenigardur_-_Vestur\/\" target=\"_blank\" rel=\"noopener\">, Vestur<\/a><br \/>\n<a href=\"https:\/\/www.snerpa.is\/allt_hitt\/vefmyndavelar\/Mjolkarvirkjun\/\" target=\"_blank\" rel=\"noopener\">Mj\u00f3lk\u00e1rvirkjun<\/a><br \/>\n<a href=\"https:\/\/www.snerpa.is\/allt_hitt\/vefmyndavelar\/Hrafnseyri\/\" target=\"_blank\" rel=\"noopener\">Hrafseyri<\/a><br \/>\n<a href=\"https:\/\/www.snerpa.is\/allt_hitt\/vefmyndavelar\/Sudureyri_-_Klofningur_1\/\" target=\"_blank\" rel=\"noopener\">Su\u00f0ureyri Klofningur 1<\/a>\u2026\u00a0<a href=\"https:\/\/www.snerpa.is\/allt_hitt\/vefmyndavelar\/Sudureyri_-_Klofningur_2\/\" target=\"_blank\" rel=\"noopener\">2<\/a><br \/>\n<a href=\"http:\/\/notendur.snerpa.is\/vbk\/myndavel.htm\" target=\"_parent\"><u>\u00deingeyri<\/u><\/a><a href=\"https:\/\/www.snerpa.is\/allt_hitt\/vefmyndavelar\/Thingeyri_-_Smabatahofn\/\" target=\"_blank\" rel=\"noopener\">,sm\u00e1b\u00e1tah\u00f6fn<\/a><br \/>\n<a href=\"http:\/\/www.livestream.com\/holmavik\"><u>H\u00f3lmav\u00edk<\/u><\/a><br \/>\n<a href=\"http:\/\/www.skagastrond.is\/vefmyndavel.asp\"><u>Skagastr\u00f6nd<\/u><\/a><br \/>\n<u><a href=\"http:\/\/www.skagafjordur.is\/is\/mannlif\/upplysingar\/vefmyndavelar\" target=\"_blank\" rel=\"noopener\">Sau\u00f0\u00e1rkr\u00f3ku<\/a><a href=\"http:\/\/www.skagafjordur.is\/is\/mannlif\/upplysingar\/vefmyndavelar\" target=\"_blank\" rel=\"noopener\">r<\/a><\/u><br \/>\n<a href=\"http:\/\/93.95.74.143\/view\/view.shtml?imagePath=\/mjpg\/video.mjpg&amp;size=1\">Varmahl\u00ed\u00f0<\/a><br \/>\n<a href=\"http:\/\/www.tindaoxl.com\/\">\u00d3lafsfj\u00f6r\u00f0ur<\/a><br \/>\n<a href=\"http:\/\/webcam.ccnow.com\/\" target=\"_blank\" rel=\"noopener\"><u>Dalv\u00edk<\/u><\/a><br \/>\n<a href=\"http:\/\/www.livefromiceland.is\/webcams\/akureyri\/\" target=\"_blank\" rel=\"noopener\"><u>Akureyri\u00a0<\/u><\/a>\u00a0<a href=\"http:\/\/www.hlidarfjall.is\/is\/vefmyndavelar\" target=\"_blank\" rel=\"noopener\">Hl\u00ed\u00f0arfjall<\/a><br \/>\n<a href=\"http:\/\/www.gagolf.is\/is\/jadar\/vefmyndavel\">Golfkl\u00fabbur Akureyrar<\/a><br \/>\n<a href=\"http:\/\/www.kaldbaksferdir.com\/?act=menu&amp;act_id=526\">Kaldbakur<\/a><br \/>\n<a href=\"http:\/\/www.myvatnhotel.is\/is\/vefmyndavel-reynihlid\" target=\"_blank\" rel=\"noopener\">M\u00fdvatn<\/a><br \/>\n<u><a href=\"http:\/\/www.webcams.travel\/webcam\/1219301776\">\u00c1sbyrgi<\/a><\/u><br \/>\n<a href=\"http:\/\/www.webcams.travel\/webcam\/fullscreen\/1317653151-Weather-Vopnafjordur-Vopnafjordur\"><u>Vopnafj\u00f6r\u00f0ur<\/u>\u00a0<\/a><br \/>\n<u><a href=\"https:\/\/www.fljotsdalsherad.is\/is\/moya\/page\/vefmyndavel\" target=\"_blank\" rel=\"noopener\">Egilssta\u00f0ir<\/a><br \/>\n<a href=\"http:\/\/www.sfk.is\/is\/moya\/news\/ny-vefmyndavel\" target=\"_blank\" rel=\"noopener\">Sey\u00f0isfj\u00f6r\u00f0ur<\/a><\/u><br \/>\n<a href=\"http:\/\/www.fjardabyggd.is\/Forsida\/Vefmyndavel\/Eskifjordur\/\"><u>Eskifj\u00f6r\u00f0ur<\/u><\/a><br \/>\n<a href=\"http:\/\/www.visitfjardabyggd.is\/oddsskard\/vefmyndavel\/\" target=\"_blank\" rel=\"noopener\">Oddskar\u00f0<\/a><br \/>\n<a href=\"http:\/\/www.fjardabyggd.is\/Forsida\/Vefmyndavel\/Faskrudsfjordur\/\"><u>F\u00e1ksr\u00fa\u00f0sfj\u00f6r\u00f0ur<\/u><\/a><br \/>\n<a href=\"http:\/\/www.fjardabyggd.is\/Forsida\/Vefmyndavel\/Stodvarfjordur\/\"><u>St\u00f6\u00f0varfj\u00f6r\u00f0ur<\/u><\/a><br \/>\n<a href=\"http:\/\/www.fjardabyggd.is\/hafnir\/thjonustan\/vefmyndavelar\/Nordfjordur\" target=\"_blank\" rel=\"noopener\"><u>Neskaupssta\u00f0ur<\/u><\/a><br \/>\n<a href=\"http:\/\/www.sth.is\/myndavel.jpg\" target=\"_parent\"><u>H\u00f6fn<\/u><\/a><a href=\"http:\/\/www.sth.is\/mynd2.jpg\"><u>..\u00a0<\/u><\/a><a href=\"http:\/\/www.vedur.is\/vedur\/athuganir\/vefmyndavelar\/hofn\/\" target=\"_blank\" rel=\"noopener\"><u>Ve\u00f0urstofan<\/u><\/a><br \/>\n<a href=\"http:\/\/vedur2.mogt.is\/grimsfjall\/webcam\/\">Gr\u00edmsfjall<\/a><br \/>\n<a href=\"http:\/\/vedur2.mogt.is\/kverkfjoll\/webcam\/test.php\"><u>Kverkfj\u00f6ll<\/u><\/a><br \/>\n<a href=\"http:\/\/liv.is\/webcam\/laugafell\/\">Laugafell<\/a><br \/>\n<a href=\"http:\/\/liv.is\/webcam\/laugar\/\">Landmannalaugar<\/a><br \/>\n<a href=\"http:\/\/www.livefromiceland.is\/webcams\/katla\/\" target=\"_blank\" rel=\"noopener\">Katla<\/a><br \/>\n<a href=\"http:\/\/www.earthcam.com\/world\/iceland\/hella\/?cam=iceland_hd\" target=\"_blank\" rel=\"noopener\">Hekla<\/a><a href=\"http:\/\/www.livefromiceland.is\/webcams\/hekla\/\" target=\"_blank\" rel=\"noopener\">\u00a0 Hekla mila<\/a><br \/>\n<a href=\"https:\/\/www.webcams.travel\/webcam\/fullscreen\/1300316404\" target=\"_blank\" rel=\"noopener\"><u>Hella<\/u><\/a><br \/>\n<a href=\"http:\/\/vefmynd.fludir.is\/\"><u>Fl\u00fa\u00f0ir<\/u><\/a><br \/>\n<a href=\"http:\/\/www.thingvellir.is\/vefmyndavel.aspx\">\u00deingvellir<\/a><br \/>\n<a href=\"http:\/\/vefmyndavel.arborg.is\/\" target=\"_blank\" rel=\"noopener\">Selfoss<\/a>\u00a0<a href=\"http:\/\/ipcamlive.com\/58eb9fa1f38a9\" target=\"_blank\" rel=\"noopener\">Hrafnshrei\u00f0ur BYKO<\/a><br \/>\n<a href=\"http:\/\/www.vedur.is\/vedur\/athuganir\/vefmyndavelar\/surtsey\/\" target=\"_blank\" rel=\"noopener\"><u>Surtsey<\/u><\/a><br \/>\n<a href=\"http:\/\/www.mylivestreams.com\/webcam\/blue-lagoon-live-streaming-video-webcam-iceland\/10148.html\" target=\"_blank\" rel=\"noopener\"><u>Bl\u00e1a l\u00f3ni\u00f0<\/u>\u00a0<\/a><br \/>\n<u><a href=\"http:\/\/www.vegagerdin.is\/ferdaupplysingar\/vefmyndavelar\/\">Vefmyndav\u00e9lar Vegager\u00f0arinnar<\/a><\/u><a href=\"http:\/\/www.vegagerdin.is\/ferdaupplysingar\/vefmyndavelar\/\">\u00a0\u00a0\u00a0<\/a><br \/>\n<a href=\"http:\/\/www.webcams.travel\/map\/#lat=65.242908&amp;lng=-19.204102&amp;z=7&amp;t=h\"><u>Webcams Travel \u00cdsland<\/u><\/a><br \/>\n<a href=\"http:\/\/www.vedur.is\/vedur\/athuganir\/vefmyndavelar\/adrar_vefmyndavelar\/\" target=\"_blank\" rel=\"noopener\">Ve\u00f0urstofan tenlgar \u00e1 vefmyndav\u00e9lar<\/a><br \/>\n<a href=\"https:\/\/www.snerpa.is\/allt_hitt\/vefmyndavelar\/\" target=\"_blank\" rel=\"noopener\">Snerpa vefmyndav\u00e9lar<\/a><br \/>\n<a href=\"http:\/\/vefmyndavelar.is\/\" target=\"_blank\" rel=\"noopener\">Vefmyndav\u00e9lar.is<\/a><br \/>\n<a href=\"http:\/\/vestmannaeyjar.is\/is\/webcams\/fiv\" target=\"_blank\" rel=\"noopener\">Vestmannaeyjar vefmyndav\u00e9l vi\u00f0 framhaldssk\u00f3lann<\/a><br \/>\n<a href=\"https:\/\/www.geisli.is\/page\/vefmyndavel\" target=\"_blank\" rel=\"noopener\">Vestmannaeyjar vefmyndav\u00e9l Geisla<\/a><br \/>\n<a href=\"http:\/\/flugvedursofa.blogspot.com\/2012\/06\/vefmyndavelar-um-landi.html\" target=\"_blank\" rel=\"noopener\">Flug.ve\u00f0ur.sofa<\/a><\/p>\n<p><strong>Fleiri \u00e1hugaver\u00f0ar s\u00ed\u00f0ur:<\/strong><\/p>\n<p><a href=\"https:\/\/samgongur.is\/\" target=\"_blank\" rel=\"noopener\">Samg\u00f6nguvefurinn<\/a><br \/>\n<a href=\"http:\/\/vefbankivalla.weebly.com\/\" target=\"_blank\" rel=\"noopener\">Vefbanki Valla<\/a><br \/>\n<a href=\"http:\/\/landakort.is\/tenglasafn\/\" target=\"_blank\" rel=\"noopener\">Landakort.is<\/a><\/p>\n","protected":false},"excerpt":{"rendered":"<p>Vefmyndav\u00e9lar M\u00edla Reykjav\u00edkurtj\u00f6rn Reykjav\u00edk\u00a0 \u00deingvellir\u00a0 Gullfoss\u00a0 Hekla\u00a0 J\u00f6kuls\u00e1rl\u00f3n\u00a0 Akureyri Fleiri vefmyndav\u00e9lar \u00cdslandi Reykjav\u00edkurh\u00f6fn Reykjavik fri\u00f0ars\u00falan Esja Hvalfjar\u00f0arsveit Skorradalur H\u00fasafell Grundarfj\u00f6r\u00f0ur Stykkish\u00f3lmur B\u00fa\u00f0ardalur\u00a0 Patreksfj\u00f6r\u00f0ur\u00a0 D\u00fdrafj\u00f6r\u00f0ur Flateyri Fjar\u00f0arbygg\u00f0 \u00cdsafj\u00f6r\u00f0ur \u00cdsafj\u00f6r\u00f0ur Menntask\u00f3linn \u00cdsafj\u00f6r\u00f0ur Pollurinn \u00cdsafj\u00f6r\u00f0ur Mj\u00f3sund 1\u2026 2 \u00cdsafj\u00f6r\u00f0ur Gr\u00e6nigar\u00f0ur Austur, Vestur Mj\u00f3lk\u00e1rvirkjun Hrafseyri Su\u00f0ureyri Klofningur 1\u2026\u00a02 \u00deingeyri,sm\u00e1b\u00e1tah\u00f6fn H\u00f3lmav\u00edk Skagastr\u00f6nd Sau\u00f0\u00e1rkr\u00f3kur Varmahl\u00ed\u00f0 \u00d3lafsfj\u00f6r\u00f0ur Dalv\u00edk Akureyri\u00a0\u00a0Hl\u00ed\u00f0arfjall Golfkl\u00fabbur Akureyrar Kaldbakur &hellip; <\/p>\n<p class=\"link-more\"><a href=\"https:\/\/elskaisland.is\/index.php\/tenglar\/\" class=\"more-link\">Lesa \u00e1fram<span class=\"screen-reader-text\"> &#8222;Tenglar&#8220;<\/span><\/a><\/p>\n","protected":false},"author":1,"featured_media":0,"parent":0,"menu_order":0,"comment_status":"closed","ping_status":"closed","template":"","meta":{"ngg_post_thumbnail":0,"footnotes":""},"class_list":["post-88","page","type-page","status-publish","hentry"],"_links":{"self":[{"href":"https:\/\/elskaisland.is\/index.php\/wp-json\/wp\/v2\/pages\/88","targetHints":{"allow":["GET"]}}],"collection":[{"href":"https:\/\/elskaisland.is\/index.php\/wp-json\/wp\/v2\/pages"}],"about":[{"href":"https:\/\/elskaisland.is\/index.php\/wp-json\/wp\/v2\/types\/page"}],"author":[{"embeddable":true,"href":"https:\/\/elskaisland.is\/index.php\/wp-json\/wp\/v2\/users\/1"}],"replies":[{"embeddable":true,"href":"https:\/\/elskaisland.is\/index.php\/wp-json\/wp\/v2\/comments?post=88"}],"version-history":[{"count":2,"href":"https:\/\/elskaisland.is\/index.php\/wp-json\/wp\/v2\/pages\/88\/revisions"}],"predecessor-version":[{"id":180,"href":"https:\/\/elskaisland.is\/index.php\/wp-json\/wp\/v2\/pages\/88\/revisions\/180"}],"wp:attachment":[{"href":"https:\/\/elskaisland.is\/index.php\/wp-json\/wp\/v2\/media?parent=88"}],"curies":[{"name":"wp","href":"https:\/\/api.w.org\/{rel}","templated":true}]}}